{"id":11,"date":"2026-05-16T07:55:14","date_gmt":"2026-05-16T07:55:14","guid":{"rendered":"https:\/\/dn88.mex.com\/?page_id=11"},"modified":"2026-05-17T02:54:42","modified_gmt":"2026-05-17T02:54:42","slug":"dn88","status":"publish","type":"page","link":"https:\/\/ashtray.za.com\/","title":{"rendered":"DN88"},"content":{"rendered":"\t<div class=\"img has-hover x md-x lg-x y md-y lg-y\" id=\"image_307954566\">\n\t\t\t\t\t\t\t\t<div class=\"img-inner dark\" >\n\t\t\t<img loading=\"lazy\" decoding=\"async\" width=\"1920\" height=\"600\" src=\"https:\/\/ashtray.za.com\/wp-content\/uploads\/2026\/05\/banner.webp\" class=\"attachment-original size-original\" alt=\"banner-dn88\" srcset=\"https:\/\/ashtray.za.com\/wp-content\/uploads\/2026\/05\/banner.webp 1920w, https:\/\/ashtray.za.com\/wp-content\/uploads\/2026\/05\/banner-300x94.webp 300w, https:\/\/ashtray.za.com\/wp-content\/uploads\/2026\/05\/banner-1024x320.webp 1024w, https:\/\/ashtray.za.com\/wp-content\/uploads\/2026\/05\/banner-768x240.webp 768w, https:\/\/ashtray.za.com\/wp-content\/uploads\/2026\/05\/banner-1536x480.webp 1536w\" sizes=\"auto, (max-width: 1920px) 100vw, 1920px\" \/>\t\t\t\t\t\t\n\t\t\t\t\t<\/div>\n\t\t\t\t\t\t\t\t\n<style>\n#image_307954566 {\n  width: 100%;\n}\n<\/style>\n\t<\/div>\n\t\n\n\t<section class=\"section\" id=\"section_90585218\">\n\t\t<div class=\"section-bg fill\" >\n\t\t\t\t\t\t\t\t\t\n\t\t\t\n\n\t\t<\/div>\n\n\t\t\n\n\t\t<div class=\"section-content relative\">\n\t\t\t\n<div class=\"row\"  id=\"row-1037032714\">\n\n\t<div id=\"col-331942469\" class=\"col small-12 large-12\"  >\n\t\t\t\t<div class=\"col-inner\"  >\n\t\t\t\n\t\t\t\n<h1 style=\"text-align: center;\"><strong>DN88 &#8211; Trang Gi\u1ea3i Tr\u00ed Dn88 Ch\u00ednh Th\u1ee9c | Link T\u1ed5ng \u0110\u0103ng K\u00fd T\u1eb7ng +88K<\/strong><\/h1>\n<blockquote><p><strong><a href=\"https:\/\/ashtray.za.com\/\">DN88<\/a><\/strong> \u0111ang tr\u1edf th\u00e0nh t\u00e2m \u0111i\u1ec3m gi\u1ea3i tr\u00ed tr\u1ef1c tuy\u1ebfn t\u1ea1i Vi\u1ec7t Nam n\u0103m 2026 khi thu h\u00fat h\u00e0ng tri\u1ec7u l\u01b0\u1ee3t truy c\u1eadp m\u1ed7i th\u00e1ng nh\u1edd h\u1ec7 sinh th\u00e1i game \u0111\u1ed5i th\u01b0\u1edfng \u0111a d\u1ea1ng v\u00e0 t\u1ed1c \u0111\u1ed9 giao d\u1ecbch v\u01b0\u1ee3t tr\u1ed9i. S\u1edf h\u1eefu h\u01a1n 2.500+ tr\u00f2 ch\u01a1i h\u1ea5p d\u1eabn t\u1eeb casino live, n\u1ed5 h\u0169 jackpot, b\u1eafn c\u00e1 3D \u0111\u1ebfn th\u1ec3 thao tr\u1ef1c tuy\u1ebfn, DN88 mang \u0111\u1ebfn tr\u1ea3i nghi\u1ec7m gi\u1ea3i tr\u00ed m\u01b0\u1ee3t m\u00e0 tr\u00ean c\u1ea3 Mobile l\u1eabn PC. \u0110i\u1ec3m n\u1ed5i b\u1eadt c\u1ee7a DN88 n\u1eb1m \u1edf c\u00f4ng ngh\u1ec7 AI x\u1eed l\u00fd n\u1ea1p r\u00fat ch\u1ec9 t\u1eeb 90\u2013120 gi\u00e2y, k\u1ebft h\u1ee3p b\u1ea3o m\u1eadt SSL 256-bit gi\u00fap m\u1ecdi giao d\u1ecbch lu\u00f4n \u1ed5n \u0111\u1ecbnh v\u00e0 an to\u00e0n h\u01a1n. Kh\u00f4ng ch\u1ec9 \u0111\u1ea7u t\u01b0 m\u1ea1nh v\u00e0o ch\u1ea5t l\u01b0\u1ee3ng tr\u00f2 ch\u01a1i, DN88 c\u00f2n li\u00ean t\u1ee5c c\u1eadp nh\u1eadt c\u00e1c ch\u01b0\u01a1ng tr\u00ecnh \u01b0u \u0111\u00e3i gi\u00e1 tr\u1ecb nh\u01b0 t\u1eb7ng +88K t\u00e2n th\u1ee7, ho\u00e0n tr\u1ea3 h\u00e0ng ng\u00e0y v\u00e0 s\u1ef1 ki\u1ec7n s\u0103n jackpot theo tu\u1ea7n. V\u1edbi giao di\u1ec7n hi\u1ec7n \u0111\u1ea1i, thao t\u00e1c \u0111\u0103ng k\u00fd nhanh g\u1ecdn c\u00f9ng t\u1ef7 l\u1ec7 RTP t\u1ed1i \u01b0u t\u1ea1i nhi\u1ec1u tr\u00f2 ch\u01a1i hot, DN88 \u0111ang d\u1ea7n kh\u1eb3ng \u0111\u1ecbnh v\u1ecb th\u1ebf l\u00e0 trang gi\u1ea3i tr\u00ed \u0111\u1ed5i th\u01b0\u1edfng uy t\u00edn \u0111\u01b0\u1ee3c c\u1ed9ng \u0111\u1ed3ng game th\u1ee7 Vi\u1ec7t t\u00ecm ki\u1ebfm nhi\u1ec1u nh\u1ea5t hi\u1ec7n nay.<\/p><\/blockquote>\n<h2 data-section-id=\"gyr87f\" data-start=\"701\" data-end=\"749\"><strong>DN88 C\u00f3 G\u00ec N\u1ed5i B\u1eadt So V\u1edbi C\u00e1c C\u1ed5ng Game Kh\u00e1c?<\/strong><\/h2>\n<p data-start=\"751\" data-end=\"1025\">Gi\u1eefa th\u1ecb tr\u01b0\u1eddng c\u1ea1nh tranh m\u1ea1nh m\u1ebd hi\u1ec7n nay, DN88 v\u1eabn duy tr\u00ec s\u1ee9c h\u00fat ri\u00eang nh\u1edd kh\u1ea3 n\u0103ng t\u1ed1i \u01b0u tr\u1ea3i nghi\u1ec7m th\u1ef1c t\u1ebf cho ng\u01b0\u1eddi ch\u01a1i. N\u1ec1n t\u1ea3ng \u0111\u01b0\u1ee3c x\u00e2y d\u1ef1ng theo xu h\u01b0\u1edbng giao di\u1ec7n hi\u1ec7n \u0111\u1ea1i, gi\u00fap thao t\u00e1c \u0111\u0103ng k\u00fd, \u0111\u0103ng nh\u1eadp v\u00e0 tham gia tr\u00f2 ch\u01a1i tr\u1edf n\u00ean \u0111\u01a1n gi\u1ea3n h\u01a1n r\u1ea5t nhi\u1ec1u.<\/p>\n<p data-start=\"1027\" data-end=\"1257\">\u0110i\u1ec3m n\u1ed5i b\u1eadt \u0111\u1ea7u ti\u00ean c\u1ee7a DN88 ch\u00ednh l\u00e0 t\u1ed1c \u0111\u1ed9 x\u1eed l\u00fd giao d\u1ecbch c\u1ef1c nhanh. H\u1ec7 th\u1ed1ng AI h\u1ed7 tr\u1ee3 n\u1ea1p r\u00fat t\u1ef1 \u0111\u1ed9ng gi\u00fap ng\u01b0\u1eddi ch\u01a1i ho\u00e0n t\u1ea5t giao d\u1ecbch ch\u1ec9 trong kho\u1ea3ng 90 gi\u00e2y m\u00e0 kh\u00f4ng c\u1ea7n ch\u1edd \u0111\u1ee3i qu\u00e1 l\u00e2u nh\u01b0 nhi\u1ec1u n\u1ec1n t\u1ea3ng truy\u1ec1n th\u1ed1ng.<\/p>\n<p data-start=\"1259\" data-end=\"1510\">Ngo\u00e0i ra, DN88 c\u00f2n \u1ee9ng d\u1ee5ng c\u00f4ng ngh\u1ec7 b\u1ea3o m\u1eadt SSL 256-bit nh\u1eb1m m\u00e3 h\u00f3a to\u00e0n b\u1ed9 d\u1eef li\u1ec7u t\u00e0i kho\u1ea3n v\u00e0 l\u1ecbch s\u1eed giao d\u1ecbch. \u0110\u00e2y l\u00e0 ti\u00eau chu\u1ea9n b\u1ea3o m\u1eadt qu\u1ed1c t\u1ebf th\u01b0\u1eddng xu\u1ea5t hi\u1ec7n tr\u00ean c\u00e1c h\u1ec7 th\u1ed1ng t\u00e0i ch\u00ednh hi\u1ec7n \u0111\u1ea1i, gi\u00fap ng\u01b0\u1eddi ch\u01a1i y\u00ean t\u00e2m h\u01a1n khi tr\u1ea3i nghi\u1ec7m.<\/p>\n<p data-start=\"1512\" data-end=\"1744\">M\u1ed9t y\u1ebfu t\u1ed1 kh\u00e1c gi\u00fap DN88 thu h\u00fat c\u1ed9ng \u0111\u1ed3ng game th\u1ee7 ch\u00ednh l\u00e0 kho tr\u00f2 ch\u01a1i lu\u00f4n \u0111\u01b0\u1ee3c c\u1eadp nh\u1eadt li\u00ean t\u1ee5c theo xu h\u01b0\u1edbng m\u1edbi. C\u00e1c t\u1ef1a game hot tr\u00ean th\u1ecb tr\u01b0\u1eddng \u0111\u1ec1u nhanh ch\u00f3ng xu\u1ea5t hi\u1ec7n t\u1ea1i DN88 v\u1edbi giao di\u1ec7n t\u1ed1i \u01b0u v\u00e0 t\u1ef7 l\u1ec7 RTP h\u1ea5p d\u1eabn.<\/p>\n<h2 data-section-id=\"13w8g3q\" data-start=\"1746\" data-end=\"1787\"><strong>H\u1ec7 Sinh Th\u00e1i Gi\u1ea3i Tr\u00ed \u0110a D\u1ea1ng T\u1ea1i DN88<\/strong><\/h2>\n<p data-start=\"1789\" data-end=\"1942\">Kh\u00f4ng ch\u1ec9 t\u1eadp trung v\u00e0o m\u1ed9t d\u00f2ng game duy nh\u1ea5t, DN88 ph\u00e1t tri\u1ec3n h\u1ec7 sinh th\u00e1i gi\u1ea3i tr\u00ed to\u00e0n di\u1ec7n nh\u1eb1m \u0111\u00e1p \u1ee9ng nhu c\u1ea7u c\u1ee7a nhi\u1ec1u nh\u00f3m ng\u01b0\u1eddi ch\u01a1i kh\u00e1c nhau.<\/p>\n<h3 data-section-id=\"picyzx\" data-start=\"1944\" data-end=\"1973\"><strong>Casino Live Chu\u1ea9n Qu\u1ed1c T\u1ebf<\/strong><\/h3>\n<p data-start=\"1975\" data-end=\"2188\">Casino live l\u00e0 chuy\u00ean m\u1ee5c \u0111\u01b0\u1ee3c nhi\u1ec1u th\u00e0nh vi\u00ean DN88 y\u00eau th\u00edch nh\u1ea5t hi\u1ec7n nay. H\u1ec7 th\u1ed1ng livestream HD s\u1eafc n\u00e9t k\u1ebft h\u1ee3p dealer chuy\u00ean nghi\u1ec7p mang l\u1ea1i c\u1ea3m gi\u00e1c ch\u00e2n th\u1ef1c nh\u01b0 \u0111ang tham gia tr\u1ef1c ti\u1ebfp t\u1ea1i casino th\u1ef1c t\u1ebf.<\/p>\n<p data-start=\"2190\" data-end=\"2344\">Ng\u01b0\u1eddi ch\u01a1i c\u00f3 th\u1ec3 tr\u1ea3i nghi\u1ec7m nhi\u1ec1u tr\u00f2 ch\u01a1i ph\u1ed5 bi\u1ebfn nh\u01b0 Baccarat, <strong><a href=\"https:\/\/vi.wikipedia.org\/wiki\/Roulette\" target=\"_blank\" rel=\"noopener\">Roulette<\/a><\/strong>, Sicbo hay Blackjack v\u1edbi t\u1ed1c \u0111\u1ed9 x\u1eed l\u00fd m\u01b0\u1ee3t m\u00e0 tr\u00ean c\u1ea3 \u0111i\u1ec7n tho\u1ea1i v\u00e0 m\u00e1y t\u00ednh.<\/p>\n<h3 data-section-id=\"17dmhul\" data-start=\"2346\" data-end=\"2380\"><strong>N\u1ed5 H\u0169 Jackpot S\u0103n Th\u01b0\u1edfng Kh\u1ee7ng<\/strong><\/h3>\n<p data-start=\"2382\" data-end=\"2576\">DN88 s\u1edf h\u1eefu h\u00e0ng tr\u0103m t\u1ef1a game n\u1ed5 h\u0169 \u0111\u1ed5i th\u01b0\u1edfng v\u1edbi c\u01a1 ch\u1ebf jackpot t\u0103ng li\u00ean t\u1ee5c theo th\u1eddi gian th\u1ef1c. M\u1ed9t s\u1ed1 ph\u00f2ng game ghi nh\u1eadn m\u1ee9c th\u01b0\u1edfng l\u00ean \u0111\u1ebfn h\u00e0ng tr\u0103m tri\u1ec7u \u0111\u1ed3ng ch\u1ec9 sau v\u00e0i gi\u1edd t\u00edch l\u0169y.<\/p>\n<p data-start=\"2578\" data-end=\"2716\">Hi\u1ec7u \u1ee9ng \u0111\u1ed3 h\u1ecda 3D hi\u1ec7n \u0111\u1ea1i c\u00f9ng c\u01a1 ch\u1ebf quay th\u01b0\u1edfng linh ho\u1ea1t gi\u00fap tr\u1ea3i nghi\u1ec7m s\u0103n h\u0169 t\u1ea1i DN88 tr\u1edf n\u00ean h\u1ea5p d\u1eabn h\u01a1n \u0111\u00e1ng k\u1ec3 trong n\u0103m 2026.<\/p>\n<h3 data-section-id=\"ubqgcm\" data-start=\"2718\" data-end=\"2742\"><strong>B\u1eafn C\u00e1 \u0110\u1ed5i Th\u01b0\u1edfng 3D<\/strong><\/h3>\n<p data-start=\"2744\" data-end=\"2946\">S\u1ea3nh b\u1eafn c\u00e1 t\u1ea1i DN88 g\u00e2y \u1ea5n t\u01b0\u1ee3ng m\u1ea1nh nh\u1edd \u0111\u1ed3 h\u1ecda s\u1ed1ng \u0111\u1ed9ng, hi\u1ec7u \u1ee9ng boss kh\u1ed5ng l\u1ed3 c\u00f9ng ch\u1ebf \u0111\u1ed9 auto ti\u1ec7n l\u1ee3i. Ng\u01b0\u1eddi ch\u01a1i c\u00f3 th\u1ec3 tham gia nhi\u1ec1u ph\u00f2ng c\u01b0\u1ee3c kh\u00e1c nhau ph\u00f9 h\u1ee3p v\u1edbi v\u1ed1n v\u00e0 chi\u1ebfn thu\u1eadt ri\u00eang.<\/p>\n<p data-start=\"2948\" data-end=\"3080\">Ngo\u00e0i y\u1ebfu t\u1ed1 gi\u1ea3i tr\u00ed, h\u1ec7 th\u1ed1ng nhi\u1ec7m v\u1ee5 v\u00e0 s\u1ef1 ki\u1ec7n th\u01b0\u1edfng theo tu\u1ea7n c\u0169ng gi\u00fap c\u1ed9ng \u0111\u1ed3ng game th\u1ee7 t\u0103ng th\u00eam c\u01a1 h\u1ed9i nh\u1eadn qu\u00e0 gi\u00e1 tr\u1ecb.<\/p>\n<h3 data-section-id=\"1jqzri7\" data-start=\"3082\" data-end=\"3112\"><strong>C\u00e1 C\u01b0\u1ee3c Th\u1ec3 Thao T\u1ef7 L\u1ec7 Cao<\/strong><\/h3>\n<p data-start=\"3114\" data-end=\"3319\">DN88 h\u1ed7 tr\u1ee3 \u0111a d\u1ea1ng b\u1ed9 m\u00f4n th\u1ec3 thao nh\u01b0 b\u00f3ng \u0111\u00e1, b\u00f3ng r\u1ed5, tennis v\u00e0 Esports. H\u1ec7 th\u1ed1ng c\u1eadp nh\u1eadt t\u1ef7 l\u1ec7 k\u00e8o theo th\u1eddi gian th\u1ef1c gi\u00fap ng\u01b0\u1eddi ch\u01a1i d\u1ec5 d\u00e0ng theo d\u00f5i bi\u1ebfn \u0111\u1ed9ng v\u00e0 \u0111\u01b0a ra quy\u1ebft \u0111\u1ecbnh nhanh ch\u00f3ng h\u01a1n.<\/p>\n<p data-start=\"3321\" data-end=\"3426\">\u0110\u00e2y c\u0169ng l\u00e0 m\u1ed9t trong nh\u1eefng chuy\u00ean m\u1ee5c c\u00f3 l\u01b0\u1ee3ng truy c\u1eadp t\u0103ng m\u1ea1nh t\u1ea1i DN88 trong giai \u0111o\u1ea1n \u0111\u1ea7u n\u0103m 2026.<\/p>\n<h2 data-section-id=\"1svisz1\" data-start=\"3428\" data-end=\"3461\"><strong>\u01afu \u0110\u00e3i Th\u00e0nh Vi\u00ean M\u1edbi T\u1ea1i DN88<\/strong><\/h2>\n<p data-start=\"3463\" data-end=\"3599\">Kh\u00f4ng ch\u1ec9 \u0111\u1ea7u t\u01b0 v\u00e0o kho game, DN88 c\u00f2n n\u1ed5i b\u1eadt v\u1edbi chu\u1ed7i ch\u01b0\u01a1ng tr\u00ecnh khuy\u1ebfn m\u00e3i h\u1ea5p d\u1eabn d\u00e0nh cho ng\u01b0\u1eddi ch\u01a1i m\u1edbi v\u00e0 th\u00e0nh vi\u00ean l\u00e2u n\u0103m.<\/p>\n<p data-start=\"3601\" data-end=\"3866\">Ngay khi \u0111\u0103ng k\u00fd t\u00e0i kho\u1ea3n th\u00e0nh c\u00f4ng, ng\u01b0\u1eddi ch\u01a1i c\u00f3 th\u1ec3 nh\u1eadn ngay \u01b0u \u0111\u00e3i +88K \u0111\u1ec3 tr\u1ea3i nghi\u1ec7m h\u1ec7 th\u1ed1ng m\u00e0 kh\u00f4ng c\u1ea7n v\u1ed1n qu\u00e1 l\u1edbn. Ngo\u00e0i ra, DN88 c\u00f2n tri\u1ec3n khai th\u01b0\u1edfng n\u1ea1p \u0111\u1ea7u, ho\u00e0n tr\u1ea3 m\u1ed7i ng\u00e0y v\u00e0 ch\u01b0\u01a1ng tr\u00ecnh VIP t\u00edch l\u0169y d\u00e0nh cho ng\u01b0\u1eddi ch\u01a1i ho\u1ea1t \u0111\u1ed9ng th\u01b0\u1eddng xuy\u00ean.<\/p>\n<p data-start=\"3868\" data-end=\"4020\">C\u00e1c s\u1ef1 ki\u1ec7n s\u0103n jackpot, v\u00f2ng quay may m\u1eafn hay mini game theo m\u00f9a c\u0169ng \u0111\u01b0\u1ee3c c\u1eadp nh\u1eadt li\u00ean t\u1ee5c nh\u1eb1m gia t\u0103ng tr\u1ea3i nghi\u1ec7m gi\u1ea3i tr\u00ed cho c\u1ed9ng \u0111\u1ed3ng game th\u1ee7.<\/p>\n<h2 data-section-id=\"1gk4t1d\" data-start=\"4022\" data-end=\"4058\"><strong>H\u01b0\u1edbng D\u1eabn \u0110\u0103ng K\u00fd V\u00e0 T\u1ea3i App DN88<\/strong><\/h2>\n<p data-start=\"4060\" data-end=\"4154\">Quy tr\u00ecnh tham gia DN88 \u0111\u01b0\u1ee3c t\u1ed1i \u01b0u \u0111\u01a1n gi\u1ea3n \u0111\u1ec3 ng\u01b0\u1eddi m\u1edbi d\u1ec5 d\u00e0ng thao t\u00e1c ch\u1ec9 trong v\u00e0i ph\u00fat.<\/p>\n<p data-start=\"4156\" data-end=\"4348\">\u0110\u1ea7u ti\u00ean, ng\u01b0\u1eddi ch\u01a1i truy c\u1eadp trang ch\u1ee7 ch\u00ednh th\u1ee9c c\u1ee7a DN88 <strong><a href=\"https:\/\/ashtray.za.com\/\">https:\/\/ashtray.za.com\/<\/a><\/strong> v\u00e0 ch\u1ecdn m\u1ee5c \u0111\u0103ng k\u00fd t\u00e0i kho\u1ea3n. Sau khi \u0111i\u1ec1n \u0111\u1ea7y \u0111\u1ee7 th\u00f4ng tin c\u01a1 b\u1ea3n, h\u1ec7 th\u1ed1ng s\u1ebd g\u1eedi m\u00e3 x\u00e1c th\u1ef1c nh\u1eb1m t\u0103ng \u0111\u1ed9 b\u1ea3o m\u1eadt cho t\u00e0i kho\u1ea3n.<\/p>\n<p data-start=\"4350\" data-end=\"4550\">Ti\u1ebfp theo, ng\u01b0\u1eddi d\u00f9ng c\u00f3 th\u1ec3 t\u1ea3i app DN88 d\u00e0nh cho Android ho\u1eb7c iOS \u0111\u1ec3 tr\u1ea3i nghi\u1ec7m \u1ed5n \u0111\u1ecbnh h\u01a1n tr\u00ean thi\u1ebft b\u1ecb di \u0111\u1ed9ng. Giao di\u1ec7n app \u0111\u01b0\u1ee3c t\u1ed1i \u01b0u nh\u1eb9, t\u1ed1c \u0111\u1ed9 t\u1ea3i nhanh v\u00e0 h\u1ea1n ch\u1ebf gi\u1eadt lag khi ch\u01a1i game.<\/p>\n<p data-start=\"4552\" data-end=\"4675\">Sau khi ho\u00e0n t\u1ea5t b\u01b0\u1edbc n\u1ea1p ti\u1ec1n, to\u00e0n b\u1ed9 h\u1ec7 sinh th\u00e1i tr\u00f2 ch\u01a1i t\u1ea1i DN88 s\u1ebd \u0111\u01b0\u1ee3c m\u1edf kh\u00f3a \u0111\u1ec3 ng\u01b0\u1eddi ch\u01a1i tham gia ngay l\u1eadp t\u1ee9c.<\/p>\n<h2 data-section-id=\"18e7y4j\" data-start=\"4677\" data-end=\"4724\"><strong>V\u00ec Sao DN88 \u0110\u01b0\u1ee3c Nhi\u1ec1u Ng\u01b0\u1eddi Ch\u01a1i Tin T\u01b0\u1edfng?<\/strong><\/h2>\n<p data-start=\"4726\" data-end=\"4990\">DN88 kh\u00f4ng ch\u1ec9 s\u1edf h\u1eefu giao di\u1ec7n hi\u1ec7n \u0111\u1ea1i m\u00e0 c\u00f2n \u0111\u1ea7u t\u01b0 m\u1ea1nh v\u00e0o ch\u1ea5t l\u01b0\u1ee3ng v\u1eadn h\u00e0nh v\u00e0 tr\u1ea3i nghi\u1ec7m ng\u01b0\u1eddi d\u00f9ng. T\u1eeb t\u1ed1c \u0111\u1ed9 giao d\u1ecbch, kho game \u0111a d\u1ea1ng cho \u0111\u1ebfn h\u1ec7 th\u1ed1ng b\u1ea3o m\u1eadt \u0111\u1ec1u \u0111\u01b0\u1ee3c t\u1ed1i \u01b0u nh\u1eb1m mang l\u1ea1i m\u00f4i tr\u01b0\u1eddng gi\u1ea3i tr\u00ed \u1ed5n \u0111\u1ecbnh h\u01a1n cho c\u1ed9ng \u0111\u1ed3ng game th\u1ee7 Vi\u1ec7t.<\/p>\n<p data-start=\"4992\" data-end=\"5318\" data-is-last-node=\"\" data-is-only-node=\"\">B\u00ean c\u1ea1nh \u0111\u00f3, vi\u1ec7c li\u00ean t\u1ee5c c\u1eadp nh\u1eadt xu h\u01b0\u1edbng game m\u1edbi c\u00f9ng c\u00e1c ch\u01b0\u01a1ng tr\u00ecnh \u01b0u \u0111\u00e3i l\u1edbn gi\u00fap DN88 duy tr\u00ec s\u1ee9c h\u00fat m\u1ea1nh m\u1ebd tr\u00ean th\u1ecb tr\u01b0\u1eddng gi\u1ea3i tr\u00ed tr\u1ef1c tuy\u1ebfn n\u0103m 2026. V\u1edbi nh\u1eefng ng\u01b0\u1eddi \u0111ang t\u00ecm ki\u1ebfm m\u1ed9t n\u1ec1n t\u1ea3ng \u0111\u1ed5i th\u01b0\u1edfng uy t\u00edn, d\u1ec5 s\u1eed d\u1ee5ng v\u00e0 nhi\u1ec1u khuy\u1ebfn m\u00e3i h\u1ea5p d\u1eabn, DN88 v\u1eabn l\u00e0 l\u1ef1a ch\u1ecdn \u0111\u00e1ng ch\u00fa \u00fd trong th\u1eddi \u0111i\u1ec3m hi\u1ec7n t\u1ea1i.<\/p>\n<div class=\"container section-title-container\" ><h2 class=\"section-title section-title-center\"><b><\/b><span class=\"section-title-main\" >FAQ - Gi\u1ea3i \u0111\u00e1p chi ti\u1ebft c\u00e2u h\u1ecfi th\u01b0\u1eddng g\u1eb7p v\u1ec1 DN88<\/span><b><\/b><\/h2><\/div>\n<div class=\"accordion\">\n\t<div id=\"accordion-2790151175\" class=\"accordion-item\">\n\t\t<a id=\"accordion-2790151175-label\" class=\"accordion-title plain\" href=\"#accordion-item-dn88-l\u00e0-g\u00ec?\" aria-expanded=\"false\" aria-controls=\"accordion-2790151175-content\" >\n\t\t\t<button class=\"toggle\" aria-label=\"Chuy\u1ec3n \u0111\u1ed5i\"><i class=\"icon-angle-down\"><\/i><\/button>\n\t\t\t<span>DN88 l\u00e0 g\u00ec?<\/span>\n\t\t<\/a>\n\t\t<div id=\"accordion-2790151175-content\" class=\"accordion-inner\" aria-labelledby=\"accordion-2790151175-label\" >\n\t\t\t\n<p>DN88 l\u00e0 c\u1ed5ng game gi\u1ea3i tr\u00ed tr\u1ef1c tuy\u1ebfn cung c\u1ea5p nhi\u1ec1u s\u1ea3n ph\u1ea9m nh\u01b0 casino live, n\u1ed5 h\u0169, b\u1eafn c\u00e1, th\u1ec3 thao v\u00e0 game b\u00e0i \u0111\u1ed5i th\u01b0\u1edfng. N\u1ec1n t\u1ea3ng n\u00e0y n\u1ed5i b\u1eadt v\u1edbi giao di\u1ec7n hi\u1ec7n \u0111\u1ea1i, t\u1ed1c \u0111\u1ed9 x\u1eed l\u00fd nhanh v\u00e0 h\u1ed7 tr\u1ee3 \u0111a thi\u1ebft b\u1ecb.<\/p>\n\t\t<\/div>\n\t<\/div>\n\t\n\t<div id=\"accordion-3088843651\" class=\"accordion-item\">\n\t\t<a id=\"accordion-3088843651-label\" class=\"accordion-title plain\" href=\"#accordion-item-dn88-c\u00f3-uy-t\u00edn-kh\u00f4ng?\" aria-expanded=\"false\" aria-controls=\"accordion-3088843651-content\" >\n\t\t\t<button class=\"toggle\" aria-label=\"Chuy\u1ec3n \u0111\u1ed5i\"><i class=\"icon-angle-down\"><\/i><\/button>\n\t\t\t<span>DN88 c\u00f3 uy t\u00edn kh\u00f4ng?<\/span>\n\t\t<\/a>\n\t\t<div id=\"accordion-3088843651-content\" class=\"accordion-inner\" aria-labelledby=\"accordion-3088843651-label\" >\n\t\t\t\n<p>DN88 \u0111\u01b0\u1ee3c nhi\u1ec1u ng\u01b0\u1eddi ch\u01a1i \u0111\u00e1nh gi\u00e1 cao nh\u1edd h\u1ec7 th\u1ed1ng b\u1ea3o m\u1eadt SSL 256-bit, c\u01a1 ch\u1ebf x\u00e1c th\u1ef1c nhi\u1ec1u l\u1edbp v\u00e0 quy tr\u00ecnh giao d\u1ecbch minh b\u1ea1ch. Ngo\u00e0i ra, DN88 c\u00f2n duy tr\u00ec \u0111\u1ed9i ng\u0169 h\u1ed7 tr\u1ee3 ho\u1ea1t \u0111\u1ed9ng 24\/7 gi\u00fap x\u1eed l\u00fd s\u1ef1 c\u1ed1 nhanh ch\u00f3ng.<\/p>\n\t\t<\/div>\n\t<\/div>\n\t\n\t<div id=\"accordion-2020652031\" class=\"accordion-item\">\n\t\t<a id=\"accordion-2020652031-label\" class=\"accordion-title plain\" href=\"#accordion-item-\u0110\u0103ng-k\u00fd-dn88-c\u00f3-m\u1ea5t-ph\u00ed-kh\u00f4ng?\" aria-expanded=\"false\" aria-controls=\"accordion-2020652031-content\" >\n\t\t\t<button class=\"toggle\" aria-label=\"Chuy\u1ec3n \u0111\u1ed5i\"><i class=\"icon-angle-down\"><\/i><\/button>\n\t\t\t<span>\u0110\u0103ng k\u00fd DN88 c\u00f3 m\u1ea5t ph\u00ed kh\u00f4ng?<\/span>\n\t\t<\/a>\n\t\t<div id=\"accordion-2020652031-content\" class=\"accordion-inner\" aria-labelledby=\"accordion-2020652031-label\" >\n\t\t\t\n<p>Qu\u00e1 tr\u00ecnh \u0111\u0103ng k\u00fd t\u00e0i kho\u1ea3n DN88 ho\u00e0n to\u00e0n mi\u1ec5n ph\u00ed. Ng\u01b0\u1eddi ch\u01a1i ch\u1ec9 c\u1ea7n v\u00e0i ph\u00fat \u0111\u1ec3 t\u1ea1o t\u00e0i kho\u1ea3n v\u00e0 c\u00f3 th\u1ec3 nh\u1eadn th\u00eam \u01b0u \u0111\u00e3i t\u00e2n th\u1ee7 +88K khi tham gia l\u1ea7n \u0111\u1ea7u.<\/p>\n\t\t<\/div>\n\t<\/div>\n\t\n\t<div id=\"accordion-1306410810\" class=\"accordion-item\">\n\t\t<a id=\"accordion-1306410810-label\" class=\"accordion-title plain\" href=\"#accordion-item-dn88-h\u1ed7-tr\u1ee3-nh\u1eefng-tr\u00f2-ch\u01a1i-n\u00e0o?\" aria-expanded=\"false\" aria-controls=\"accordion-1306410810-content\" >\n\t\t\t<button class=\"toggle\" aria-label=\"Chuy\u1ec3n \u0111\u1ed5i\"><i class=\"icon-angle-down\"><\/i><\/button>\n\t\t\t<span>DN88 h\u1ed7 tr\u1ee3 nh\u1eefng tr\u00f2 ch\u01a1i n\u00e0o?<\/span>\n\t\t<\/a>\n\t\t<div id=\"accordion-1306410810-content\" class=\"accordion-inner\" aria-labelledby=\"accordion-1306410810-label\" >\n\t\t\t\n<p>DN88 s\u1edf h\u1eefu h\u1ec7 sinh th\u00e1i \u0111a d\u1ea1ng g\u1ed3m n\u1ed5 h\u0169 jackpot, b\u1eafn c\u00e1 \u0111\u1ed5i th\u01b0\u1edfng, casino live, poker, baccarat, t\u00e0i x\u1ec9u v\u00e0 nhi\u1ec1u tr\u00f2 ch\u01a1i hot \u0111\u01b0\u1ee3c c\u1eadp nh\u1eadt li\u00ean t\u1ee5c m\u1ed7i tu\u1ea7n.<\/p>\n\t\t<\/div>\n\t<\/div>\n\t\n\t<div id=\"accordion-1994054376\" class=\"accordion-item\">\n\t\t<a id=\"accordion-1994054376-label\" class=\"accordion-title plain\" href=\"#accordion-item-n\u1ea1p-v\u00e0-r\u00fat-ti\u1ec1n-t\u1ea1i-dn88-m\u1ea5t-bao-l\u00e2u?\" aria-expanded=\"false\" aria-controls=\"accordion-1994054376-content\" >\n\t\t\t<button class=\"toggle\" aria-label=\"Chuy\u1ec3n \u0111\u1ed5i\"><i class=\"icon-angle-down\"><\/i><\/button>\n\t\t\t<span>N\u1ea1p v\u00e0 r\u00fat ti\u1ec1n t\u1ea1i DN88 m\u1ea5t bao l\u00e2u?<\/span>\n\t\t<\/a>\n\t\t<div id=\"accordion-1994054376-content\" class=\"accordion-inner\" aria-labelledby=\"accordion-1994054376-label\" >\n\t\t\t\n<p>H\u1ec7 th\u1ed1ng AI t\u1ea1i DN88 h\u1ed7 tr\u1ee3 x\u1eed l\u00fd giao d\u1ecbch t\u1ef1 \u0111\u1ed9ng v\u1edbi th\u1eddi gian trung b\u00ecnh kho\u1ea3ng 60\u2013120 gi\u00e2y t\u00f9y ph\u01b0\u01a1ng th\u1ee9c thanh to\u00e1n v\u00e0 th\u1eddi \u0111i\u1ec3m giao d\u1ecbch.<\/p>\n\t\t<\/div>\n\t<\/div>\n\t\n\t<div id=\"accordion-1708907064\" class=\"accordion-item\">\n\t\t<a id=\"accordion-1708907064-label\" class=\"accordion-title plain\" href=\"#accordion-item-dn88-c\u00f3-h\u1ed7-tr\u1ee3-tr\u00ean-\u0111i\u1ec7n-tho\u1ea1i-kh\u00f4ng?\" aria-expanded=\"false\" aria-controls=\"accordion-1708907064-content\" >\n\t\t\t<button class=\"toggle\" aria-label=\"Chuy\u1ec3n \u0111\u1ed5i\"><i class=\"icon-angle-down\"><\/i><\/button>\n\t\t\t<span>DN88 c\u00f3 h\u1ed7 tr\u1ee3 tr\u00ean \u0111i\u1ec7n tho\u1ea1i kh\u00f4ng?<\/span>\n\t\t<\/a>\n\t\t<div id=\"accordion-1708907064-content\" class=\"accordion-inner\" aria-labelledby=\"accordion-1708907064-label\" >\n\t\t\t\n<p>DN88 h\u1ed7 tr\u1ee3 \u0111\u1ea7y \u0111\u1ee7 tr\u00ean Android, iPhone v\u00e0 tr\u00ecnh duy\u1ec7t Mobile v\u1edbi giao di\u1ec7n t\u1ed1i \u01b0u t\u1ed1c \u0111\u1ed9 t\u1ea3i, gi\u00fap ng\u01b0\u1eddi ch\u01a1i thao t\u00e1c m\u01b0\u1ee3t m\u00e0 m\u1ecdi l\u00fac m\u1ecdi n\u01a1i.<\/p>\n\t\t<\/div>\n\t<\/div>\n\t\n\t<div id=\"accordion-3666022876\" class=\"accordion-item\">\n\t\t<a id=\"accordion-3666022876-label\" class=\"accordion-title plain\" href=\"#accordion-item-qu\u00ean-m\u1eadt-kh\u1ea9u-dn88-ph\u1ea3i-l\u00e0m-sao?\" aria-expanded=\"false\" aria-controls=\"accordion-3666022876-content\" >\n\t\t\t<button class=\"toggle\" aria-label=\"Chuy\u1ec3n \u0111\u1ed5i\"><i class=\"icon-angle-down\"><\/i><\/button>\n\t\t\t<span>Qu\u00ean m\u1eadt kh\u1ea9u DN88 ph\u1ea3i l\u00e0m sao?<\/span>\n\t\t<\/a>\n\t\t<div id=\"accordion-3666022876-content\" class=\"accordion-inner\" aria-labelledby=\"accordion-3666022876-label\" >\n\t\t\t\n<p>Ng\u01b0\u1eddi ch\u01a1i c\u00f3 th\u1ec3 s\u1eed d\u1ee5ng t\u00ednh n\u0103ng kh\u00f4i ph\u1ee5c m\u1eadt kh\u1ea9u ho\u1eb7c li\u00ean h\u1ec7 b\u1ed9 ph\u1eadn CSKH tr\u1ef1c tuy\u1ebfn 24\/7 \u0111\u1ec3 \u0111\u01b0\u1ee3c h\u1ed7 tr\u1ee3 x\u00e1c minh v\u00e0 l\u1ea5y l\u1ea1i t\u00e0i kho\u1ea3n nhanh ch\u00f3ng.<\/p>\n\t\t<\/div>\n\t<\/div>\n\t\n\t<div id=\"accordion-2231290197\" class=\"accordion-item\">\n\t\t<a id=\"accordion-2231290197-label\" class=\"accordion-title plain\" href=\"#accordion-item-dn88-c\u00f3-ch\u01b0\u01a1ng-tr\u00ecnh-khuy\u1ebfn-m\u00e3i-cho-ng\u01b0\u1eddi-m\u1edbi-kh\u00f4ng?\" aria-expanded=\"false\" aria-controls=\"accordion-2231290197-content\" >\n\t\t\t<button class=\"toggle\" aria-label=\"Chuy\u1ec3n \u0111\u1ed5i\"><i class=\"icon-angle-down\"><\/i><\/button>\n\t\t\t<span>DN88 c\u00f3 ch\u01b0\u01a1ng tr\u00ecnh khuy\u1ebfn m\u00e3i cho ng\u01b0\u1eddi m\u1edbi kh\u00f4ng?<\/span>\n\t\t<\/a>\n\t\t<div id=\"accordion-2231290197-content\" class=\"accordion-inner\" aria-labelledby=\"accordion-2231290197-label\" >\n\t\t\t\n<p>DN88 th\u01b0\u1eddng xuy\u00ean tri\u1ec3n khai \u01b0u \u0111\u00e3i cho t\u00e2n th\u1ee7 nh\u01b0 th\u01b0\u1edfng \u0111\u0103ng k\u00fd +88K, ho\u00e0n tr\u1ea3 h\u00e0ng ng\u00e0y, giftcode s\u1ef1 ki\u1ec7n v\u00e0 nhi\u1ec1u ch\u01b0\u01a1ng tr\u00ecnh VIP d\u00e0nh cho h\u1ed9i vi\u00ean l\u00e2u n\u0103m.<\/p>\n\t\t<\/div>\n\t<\/div>\n\t\n<\/div>\n\t\t<\/div>\n\t\t\t\t\t<\/div>\n\n\t\n<\/div>\n\t\t<\/div>\n\n\t\t\n<style>\n#section_90585218 {\n  padding-top: 30px;\n  padding-bottom: 30px;\n}\n<\/style>\n\t<\/section>\n\t\n","protected":false},"excerpt":{"rendered":"","protected":false},"author":1,"featured_media":0,"parent":0,"menu_order":0,"comment_status":"closed","ping_status":"closed","template":"page-blank.php","meta":{"footnotes":""},"class_list":["post-11","page","type-page","status-publish","hentry"],"_links":{"self":[{"href":"https:\/\/ashtray.za.com\/index.php\/wp-json\/wp\/v2\/pages\/11","targetHints":{"allow":["GET"]}}],"collection":[{"href":"https:\/\/ashtray.za.com\/index.php\/wp-json\/wp\/v2\/pages"}],"about":[{"href":"https:\/\/ashtray.za.com\/index.php\/wp-json\/wp\/v2\/types\/page"}],"author":[{"embeddable":true,"href":"https:\/\/ashtray.za.com\/index.php\/wp-json\/wp\/v2\/users\/1"}],"replies":[{"embeddable":true,"href":"https:\/\/ashtray.za.com\/index.php\/wp-json\/wp\/v2\/comments?post=11"}],"version-history":[{"count":8,"href":"https:\/\/ashtray.za.com\/index.php\/wp-json\/wp\/v2\/pages\/11\/revisions"}],"predecessor-version":[{"id":31,"href":"https:\/\/ashtray.za.com\/index.php\/wp-json\/wp\/v2\/pages\/11\/revisions\/31"}],"wp:attachment":[{"href":"https:\/\/ashtray.za.com\/index.php\/wp-json\/wp\/v2\/media?parent=11"}],"curies":[{"name":"wp","href":"https:\/\/api.w.org\/{rel}","templated":true}]}}